{"id":2183,"date":"2025-10-22T22:58:41","date_gmt":"2025-10-22T22:58:41","guid":{"rendered":"https:\/\/susans-farm.com\/?page_id=2183"},"modified":"2026-01-30T14:50:20","modified_gmt":"2026-01-30T14:50:20","slug":"our-farm","status":"publish","type":"page","link":"https:\/\/susans-farm.com\/es\/our-farm\/","title":{"rendered":"Nuestra finca"},"content":{"rendered":"<div class=\"wp-block-uagb-container uagb-block-51e89b1a alignfull uagb-is-root-container\"><div class=\"uagb-container-inner-blocks-wrap\">\n<div class=\"wp-block-uagb-advanced-heading uagb-block-0a1971f0\"><h1 class=\"uagb-heading-text\">Nuestra finca<\/h1><\/div>\n<\/div><\/div>\n\n\n\n<div class=\"wp-block-uagb-container uagb-block-a05e7214 alignfull uagb-is-root-container\"><div class=\"uagb-container-inner-blocks-wrap\">\n<div class=\"wp-block-uagb-container uagb-layout-grid uagb-block-a2c6cfd6\">\n<div class=\"wp-block-uagb-info-box uagb-block-025fd110 uagb-infobox__content-wrap  uagb-infobox-icon-above-title uagb-infobox-image-valign-top\"><div class=\"uagb-ifb-content\"><div class=\"uagb-ifb-title-wrap\"><\/div><p class=\"uagb-ifb-desc\">En Susan\u2019s Coffee cultivamos en dos regiones \u00fanicas de Panam\u00e1, cada una con condiciones especiales que dan car\u00e1cter a nuestros granos. En las tranquilas monta\u00f1as de Gat\u00fa, Veraguas, desarrollamos nuestras variedades ar\u00e1bicas, mientras que en las f\u00e9rtiles tierras altas de Paso Ancho, Chiriqu\u00ed, nos dedicamos a producir nuestro apreciado Geisha. Estos lugares ofrecen el terreno perfecto, donde clima, suelo y altitud se combinan en armon\u00eda para dar lo mejor en cada cosecha.<br><br>Nuestra finca es manejada con cuidado y profundo respeto por el medio ambiente, asegurando que cada paso refleje nuestro compromiso con la sostenibilidad. Rodeada de paisajes naturales, representan el equilibrio entre tradici\u00f3n e innovaci\u00f3n que define nuestro caf\u00e9.<br><\/p><\/div><\/div>\n\n\n\n<figure class=\"wp-block-image size-large is-resized\"><img loading=\"lazy\" decoding=\"async\" width=\"768\" height=\"1024\" src=\"https:\/\/susans-farm.com\/wp-content\/uploads\/2025\/10\/bc636bba-96df-44f8-b7f6-f979c9e9bddc-768x1024.jpg\" alt=\"\" class=\"wp-image-2197\" style=\"width:230px;height:auto\" srcset=\"https:\/\/susans-farm.com\/wp-content\/uploads\/2025\/10\/bc636bba-96df-44f8-b7f6-f979c9e9bddc-768x1024.jpg 768w, https:\/\/susans-farm.com\/wp-content\/uploads\/2025\/10\/bc636bba-96df-44f8-b7f6-f979c9e9bddc-225x300.jpg 225w, https:\/\/susans-farm.com\/wp-content\/uploads\/2025\/10\/bc636bba-96df-44f8-b7f6-f979c9e9bddc-9x12.jpg 9w, https:\/\/susans-farm.com\/wp-content\/uploads\/2025\/10\/bc636bba-96df-44f8-b7f6-f979c9e9bddc-600x800.jpg 600w, https:\/\/susans-farm.com\/wp-content\/uploads\/2025\/10\/bc636bba-96df-44f8-b7f6-f979c9e9bddc.jpg 960w\" sizes=\"auto, (max-width: 768px) 100vw, 768px\" \/><\/figure>\n<\/div>\n\n\n\n<div class=\"wp-block-uagb-container uagb-layout-grid uagb-block-de39e747\">\n<figure class=\"wp-block-image size-full is-resized is-style-default\" style=\"margin-top:0;margin-right:0;margin-bottom:0;margin-left:0\"><img loading=\"lazy\" decoding=\"async\" width=\"720\" height=\"700\" src=\"https:\/\/susans-farm.com\/wp-content\/uploads\/2025\/10\/313a9eed-b717-447c-9aa2-4b91adcc226b-e1761174456429.jpg\" alt=\"\" class=\"wp-image-2193\" style=\"aspect-ratio:0.75;object-fit:cover;width:212px;height:auto\" srcset=\"https:\/\/susans-farm.com\/wp-content\/uploads\/2025\/10\/313a9eed-b717-447c-9aa2-4b91adcc226b-e1761174456429.jpg 720w, https:\/\/susans-farm.com\/wp-content\/uploads\/2025\/10\/313a9eed-b717-447c-9aa2-4b91adcc226b-e1761174456429-300x292.jpg 300w, https:\/\/susans-farm.com\/wp-content\/uploads\/2025\/10\/313a9eed-b717-447c-9aa2-4b91adcc226b-e1761174456429-12x12.jpg 12w, https:\/\/susans-farm.com\/wp-content\/uploads\/2025\/10\/313a9eed-b717-447c-9aa2-4b91adcc226b-e1761174456429-600x583.jpg 600w\" sizes=\"auto, (max-width: 720px) 100vw, 720px\" \/><\/figure>\n\n\n\n<div class=\"wp-block-uagb-info-box uagb-block-eea04189 uagb-infobox__content-wrap  uagb-infobox-icon-above-title uagb-infobox-image-valign-top\"><div class=\"uagb-ifb-content\"><div class=\"uagb-ifb-title-wrap\"><\/div><p class=\"uagb-ifb-desc\"><br>La calidad es el centro de todo lo que hacemos, desde el cultivo hasta el procesamiento. Nuestros caf\u00e9s se cultivan cuidadosamente en los procesos: Natural, Lavado y Honey, combinando pr\u00e1cticas artesanales con controles precisos para resaltar los matices \u00fanicos de cada variedad.<br><br>A altitudes entre 700 y 900 msnm, y ubicadas en 8\u00b030\u00b454.62\u00b4\u00b4 N | 82\u00b058\u00b405.35\u00b4\u00b4 O, nuestras fincas en Gat\u00fa, Santa F\u00e9, Veraguas ofrecen el entorno perfecto para que el caf\u00e9 ar\u00e1bigo prospere. Aqu\u00ed fue donde Susan\u2019s Coffee encontr\u00f3 su lugar, y donde nuestra pasi\u00f3n realmente floreci\u00f3.<\/p><\/div><\/div>\n<\/div>\n\n\n\n<div class=\"wp-block-uagb-container uagb-block-f5af19b0\">\n<iframe src=\"https:\/\/www.google.com\/maps\/embed?pb=!1m17!1m12!1m3!1d8726.09409866561!2d-80.9714082627916!3d8.513958015844716!2m3!1f0!2f0!3f0!3m2!1i1024!2i768!4f13.1!3m2!1m1!2zOMKwMzAnNTQuNiJOIDgwwrA1OCcwMC4yIlc!5e0!3m2!1ses!2sco!4v1761175200267!5m2!1ses!2sco\" width=\"100%\" height=\"450\" style=\"border:0;\" allowfullscreen=\"\" loading=\"lazy\" referrerpolicy=\"no-referrer-when-downgrade\"><\/iframe>\n<\/div>\n<\/div><\/div>","protected":false},"excerpt":{"rendered":"<p>Nuestra finca<\/p>","protected":false},"author":1,"featured_media":0,"parent":0,"menu_order":0,"comment_status":"closed","ping_status":"closed","template":"","meta":{"_uag_custom_page_level_css":"","site-sidebar-layout":"no-sidebar","site-content-layout":"page-builder","ast-site-content-layout":"full-width-container","site-content-style":"unboxed","site-sidebar-style":"unboxed","ast-global-header-display":"","ast-banner-title-visibility":"","ast-main-header-display":"","ast-hfb-above-header-display":"","ast-hfb-below-header-display":"","ast-hfb-mobile-header-display":"","site-post-title":"disabled","ast-breadcrumbs-content":"","ast-featured-img":"disabled","footer-sml-layout":"","theme-transparent-header-meta":"","adv-header-id-meta":"","stick-header-meta":"","header-above-stick-meta":"","header-main-stick-meta":"","header-below-stick-meta":"","astra-migrate-meta-layouts":"set","ast-page-background-enabled":"default","ast-page-background-meta":{"desktop":{"background-color":"var(--ast-global-color-4)","background-image":"","background-repeat":"repeat","background-position":"center center","background-size":"auto","background-attachment":"scroll","background-type":"","background-media":"","overlay-type":"","overlay-color":"","overlay-opacity":"","overlay-gradient":""},"tablet":{"background-color":"","background-image":"","background-repeat":"repeat","background-position":"center center","background-size":"auto","background-attachment":"scroll","background-type":"","background-media":"","overlay-type":"","overlay-color":"","overlay-opacity":"","overlay-gradient":""},"mobile":{"background-color":"","background-image":"","background-repeat":"repeat","background-position":"center center","background-size":"auto","background-attachment":"scroll","background-type":"","background-media":"","overlay-type":"","overlay-color":"","overlay-opacity":"","overlay-gradient":""}},"ast-content-background-meta":{"desktop":{"background-color":"var(--ast-global-color-5)","background-image":"","background-repeat":"repeat","background-position":"center center","background-size":"auto","background-attachment":"scroll","background-type":"","background-media":"","overlay-type":"","overlay-color":"","overlay-opacity":"","overlay-gradient":""},"tablet":{"background-color":"var(--ast-global-color-5)","background-image":"","background-repeat":"repeat","background-position":"center center","background-size":"auto","background-attachment":"scroll","background-type":"","background-media":"","overlay-type":"","overlay-color":"","overlay-opacity":"","overlay-gradient":""},"mobile":{"background-color":"var(--ast-global-color-5)","background-image":"","background-repeat":"repeat","background-position":"center center","background-size":"auto","background-attachment":"scroll","background-type":"","background-media":"","overlay-type":"","overlay-color":"","overlay-opacity":"","overlay-gradient":""}},"two_page_speed":{"previous_score":{"desktop_score":97,"desktop_tti":"1.1\u00a0","mobile_score":76,"mobile_tti":"5.1\u00a0","date":"06.11.2025 01:34:19 am","status":"completed"},"current_score":{"desktop_score":97,"desktop_tti":"0.7\u00a0","mobile_score":90,"mobile_tti":"3.0\u00a0","date":"01.12.2025 10:20:29 pm","status":"error_no_score"}},"footnotes":""},"class_list":["post-2183","page","type-page","status-publish","hentry"],"aioseo_notices":[],"uagb_featured_image_src":{"full":false,"thumbnail":false,"medium":false,"medium_large":false,"large":false,"1536x1536":false,"2048x2048":false,"trp-custom-language-flag":false,"tenweb_optimizer_mobile":false,"tenweb_optimizer_tablet":false,"woocommerce_thumbnail":false,"woocommerce_single":false,"woocommerce_gallery_thumbnail":false},"uagb_author_info":{"display_name":"Vanessa Suarez","author_link":"https:\/\/susans-farm.com\/es\/author\/jonasuneggmail-com\/"},"uagb_comment_info":0,"uagb_excerpt":"Our Farm","_links":{"self":[{"href":"https:\/\/susans-farm.com\/es\/wp-json\/wp\/v2\/pages\/2183","targetHints":{"allow":["GET"]}}],"collection":[{"href":"https:\/\/susans-farm.com\/es\/wp-json\/wp\/v2\/pages"}],"about":[{"href":"https:\/\/susans-farm.com\/es\/wp-json\/wp\/v2\/types\/page"}],"author":[{"embeddable":true,"href":"https:\/\/susans-farm.com\/es\/wp-json\/wp\/v2\/users\/1"}],"replies":[{"embeddable":true,"href":"https:\/\/susans-farm.com\/es\/wp-json\/wp\/v2\/comments?post=2183"}],"version-history":[{"count":12,"href":"https:\/\/susans-farm.com\/es\/wp-json\/wp\/v2\/pages\/2183\/revisions"}],"predecessor-version":[{"id":2209,"href":"https:\/\/susans-farm.com\/es\/wp-json\/wp\/v2\/pages\/2183\/revisions\/2209"}],"wp:attachment":[{"href":"https:\/\/susans-farm.com\/es\/wp-json\/wp\/v2\/media?parent=2183"}],"curies":[{"name":"wp","href":"https:\/\/api.w.org\/{rel}","templated":true}]}}