{"id":329,"date":"2025-08-16T01:19:48","date_gmt":"2025-08-16T01:19:48","guid":{"rendered":"https:\/\/papayawhip-goat-148115.hostingersite.com\/about\/"},"modified":"2026-01-30T10:48:52","modified_gmt":"2026-01-30T10:48:52","slug":"about","status":"publish","type":"page","link":"https:\/\/susans-farm.com\/es\/about\/","title":{"rendered":"Nosotros"},"content":{"rendered":"<div class=\"wp-block-uagb-container uagb-block-51e89b1a alignfull uagb-is-root-container\"><div class=\"uagb-container-inner-blocks-wrap\">\n<div class=\"wp-block-uagb-advanced-heading uagb-block-0a1971f0\"><h1 class=\"uagb-heading-text\">Acerca de nosotros<\/h1><\/div>\n<\/div><\/div>\n\n\n\n<div class=\"wp-block-uagb-container uagb-block-e1c2ea49 alignfull uagb-is-root-container\"><div class=\"uagb-container-inner-blocks-wrap\">\n<div class=\"wp-block-uagb-info-box uagb-block-1bfbef46 uagb-infobox__content-wrap  uagb-infobox-icon-above-title uagb-infobox-image-valign-top\"><div class=\"uagb-ifb-content\"><div class=\"uagb-ifb-title-wrap\"><h6 class=\"uagb-ifb-title-prefix\">Acerca de nosotros<\/h6><h2 class=\"uagb-ifb-title\">La historia de Susan\u2019s Farm comenz\u00f3 en 2019, cuando David Girga y Vanessa Su\u00e1rez decidieron convertir un sue\u00f1o en realidad: crear un legado en las monta\u00f1as de Gat\u00fa, Panam\u00e1.<\/h2><\/div><\/div><\/div>\n\n\n\n<div class=\"wp-block-columns is-layout-flex wp-container-core-columns-is-layout-28f84493 wp-block-columns-is-layout-flex\">\n<div class=\"wp-block-column is-layout-flow wp-block-column-is-layout-flow\" style=\"flex-basis:66.66%\">\n<p>Con el tiempo, la finca se transform\u00f3 en un espacio donde la familia, la tierra y la pasi\u00f3n por el caf\u00e9 se entrelazan de manera natural.\nEl nombre rinde homenaje a Susan Girga, madre de Dawn, Robert y David. Su memoria est\u00e1 presente en cada rinc\u00f3n de la finca y nos inspira a trabajar con amor, compromiso y respeto por la naturaleza.<br>De esta visi\u00f3n nace Susan\u2019s Coffee, el caf\u00e9 que compartimos con el mundo. M\u00e1s que un cultivo, es un acto de gratitud hacia la tierra: cada cosecha refleja el esfuerzo de nuestra familia y de todas las manos que nos acompa\u00f1an en este camino.<br>Hoy, ese legado vive en cada taza de Susan\u2019s Coffee: un caf\u00e9 que nace en Susan\u2019s Farm, cultivado con paciencia y cuidado, y que llega a tu mesa con la esencia aut\u00e9ntica de Panam\u00e1.<\/p>\n<\/div>\n\n\n\n<div class=\"wp-block-column is-layout-flow wp-block-column-is-layout-flow\" style=\"flex-basis:33.33%\">\n<div class=\"wp-block-uagb-image uagb-block-7b4f88b9 wp-block-uagb-image--layout-default wp-block-uagb-image--effect-static wp-block-uagb-image--align-none\"><figure class=\"wp-block-uagb-image__figure\"><img decoding=\"async\" srcset=\"https:\/\/susans-farm.com\/wp-content\/uploads\/2025\/10\/4f4a715e-e53c-4508-b8c1-e91552196741-1024x768.jpg ,https:\/\/susans-farm.com\/wp-content\/uploads\/2025\/10\/4f4a715e-e53c-4508-b8c1-e91552196741.jpg 780w, https:\/\/susans-farm.com\/wp-content\/uploads\/2025\/10\/4f4a715e-e53c-4508-b8c1-e91552196741.jpg 360w\" sizes=\"auto, (max-width: 480px) 150px\" src=\"https:\/\/susans-farm.com\/wp-content\/uploads\/2025\/10\/4f4a715e-e53c-4508-b8c1-e91552196741-1024x768.jpg\" alt=\"\" class=\"uag-image-2186\" width=\"1024\" height=\"768\" title=\"4f4a715e-e53c-4508-b8c1-e91552196741\" loading=\"lazy\" role=\"img\"\/><\/figure><\/div>\n<\/div>\n<\/div>\n<\/div><\/div>\n\n\n\n<p><\/p>","protected":false},"excerpt":{"rendered":"<p>About Us Over time, the farm became a place where family, land, and a passion for coffee naturally came together. Our name is a tribute to Susan Girga, mother of Dawn, Robert, and David. Her memory lives in every corner of the farm, inspiring us to work with love, dedication, and respect for nature.From this [&hellip;]<\/p>","protected":false},"author":1,"featured_media":0,"parent":0,"menu_order":0,"comment_status":"closed","ping_status":"closed","template":"","meta":{"_uag_custom_page_level_css":"","site-sidebar-layout":"no-sidebar","site-content-layout":"page-builder","ast-site-content-layout":"full-width-container","site-content-style":"unboxed","site-sidebar-style":"unboxed","ast-global-header-display":"","ast-banner-title-visibility":"","ast-main-header-display":"","ast-hfb-above-header-display":"","ast-hfb-below-header-display":"","ast-hfb-mobile-header-display":"","site-post-title":"disabled","ast-breadcrumbs-content":"","ast-featured-img":"disabled","footer-sml-layout":"","theme-transparent-header-meta":"","adv-header-id-meta":"","stick-header-meta":"","header-above-stick-meta":"","header-main-stick-meta":"","header-below-stick-meta":"","astra-migrate-meta-layouts":"set","ast-page-background-enabled":"default","ast-page-background-meta":{"desktop":{"background-color":"var(--ast-global-color-4)","background-image":"","background-repeat":"repeat","background-position":"center center","background-size":"auto","background-attachment":"scroll","background-type":"","background-media":"","overlay-type":"","overlay-color":"","overlay-opacity":"","overlay-gradient":""},"tablet":{"background-color":"","background-image":"","background-repeat":"repeat","background-position":"center center","background-size":"auto","background-attachment":"scroll","background-type":"","background-media":"","overlay-type":"","overlay-color":"","overlay-opacity":"","overlay-gradient":""},"mobile":{"background-color":"","background-image":"","background-repeat":"repeat","background-position":"center center","background-size":"auto","background-attachment":"scroll","background-type":"","background-media":"","overlay-type":"","overlay-color":"","overlay-opacity":"","overlay-gradient":""}},"ast-content-background-meta":{"desktop":{"background-color":"var(--ast-global-color-5)","background-image":"","background-repeat":"repeat","background-position":"center center","background-size":"auto","background-attachment":"scroll","background-type":"","background-media":"","overlay-type":"","overlay-color":"","overlay-opacity":"","overlay-gradient":""},"tablet":{"background-color":"var(--ast-global-color-5)","background-image":"","background-repeat":"repeat","background-position":"center center","background-size":"auto","background-attachment":"scroll","background-type":"","background-media":"","overlay-type":"","overlay-color":"","overlay-opacity":"","overlay-gradient":""},"mobile":{"background-color":"var(--ast-global-color-5)","background-image":"","background-repeat":"repeat","background-position":"center center","background-size":"auto","background-attachment":"scroll","background-type":"","background-media":"","overlay-type":"","overlay-color":"","overlay-opacity":"","overlay-gradient":""}},"two_page_speed":{"previous_score":{"status":"error_no_score"},"current_score":{"desktop_score":97,"desktop_tti":"0.7\u00a0","mobile_score":92,"mobile_tti":"2.6\u00a0","date":"02.12.2025 01:40:19 am","status":"error_no_score"}},"footnotes":""},"class_list":["post-329","page","type-page","status-publish","hentry"],"aioseo_notices":[],"uagb_featured_image_src":{"full":false,"thumbnail":false,"medium":false,"medium_large":false,"large":false,"1536x1536":false,"2048x2048":false,"trp-custom-language-flag":false,"tenweb_optimizer_mobile":false,"tenweb_optimizer_tablet":false,"woocommerce_thumbnail":false,"woocommerce_single":false,"woocommerce_gallery_thumbnail":false},"uagb_author_info":{"display_name":"Vanessa Suarez","author_link":"https:\/\/susans-farm.com\/es\/author\/jonasuneggmail-com\/"},"uagb_comment_info":0,"uagb_excerpt":"About Us Over time, the farm became a place where family, land, and a passion for coffee naturally came together. Our name is a tribute to Susan Girga, mother of Dawn, Robert, and David. Her memory lives in every corner of the farm, inspiring us to work with love, dedication, and respect for nature.From this&hellip;","_links":{"self":[{"href":"https:\/\/susans-farm.com\/es\/wp-json\/wp\/v2\/pages\/329","targetHints":{"allow":["GET"]}}],"collection":[{"href":"https:\/\/susans-farm.com\/es\/wp-json\/wp\/v2\/pages"}],"about":[{"href":"https:\/\/susans-farm.com\/es\/wp-json\/wp\/v2\/types\/page"}],"author":[{"embeddable":true,"href":"https:\/\/susans-farm.com\/es\/wp-json\/wp\/v2\/users\/1"}],"replies":[{"embeddable":true,"href":"https:\/\/susans-farm.com\/es\/wp-json\/wp\/v2\/comments?post=329"}],"version-history":[{"count":28,"href":"https:\/\/susans-farm.com\/es\/wp-json\/wp\/v2\/pages\/329\/revisions"}],"predecessor-version":[{"id":2285,"href":"https:\/\/susans-farm.com\/es\/wp-json\/wp\/v2\/pages\/329\/revisions\/2285"}],"wp:attachment":[{"href":"https:\/\/susans-farm.com\/es\/wp-json\/wp\/v2\/media?parent=329"}],"curies":[{"name":"wp","href":"https:\/\/api.w.org\/{rel}","templated":true}]}}