{"id":1869,"date":"2025-09-04T22:30:57","date_gmt":"2025-09-04T22:30:57","guid":{"rendered":"https:\/\/susans-farm.com\/?post_type=product&#038;p=1869"},"modified":"2026-01-21T19:24:37","modified_gmt":"2026-01-21T19:24:37","slug":"roast-dark-beans","status":"publish","type":"product","link":"https:\/\/susans-farm.com\/es\/producto\/roast-dark-beans\/","title":{"rendered":"CAF\u00c9 PILADO"},"content":{"rendered":"<h3 data-start=\"1325\" data-end=\"1365\"><strong data-start=\"1332\" data-end=\"1363\">Caf\u00e9 Pilado \u2013 Para tostadores<\/strong><\/h3>\n<p data-start=\"1367\" data-end=\"1614\">Especialmente seleccionado para <strong data-start=\"1389\" data-end=\"1446\">tostadores profesionales y empresas especializadas en caf\u00e9<\/strong>, nuestro caf\u00e9 verde est\u00e1 disponible en cantidades al por mayor a partir de <strong data-start=\"1514\" data-end=\"1525\">100 lbs<\/strong>. Esto le permite personalizar su perfil de tueste con granos de caf\u00e9 de calidad excepcional.<\/p>\n<p data-start=\"1679\" data-end=\"1739\"><strong data-start=\"1679\" data-end=\"1737\">M\u00e9todos de procesamiento disponibles (elija su preferencia):<\/strong><\/p>\n<ul data-start=\"1740\" data-end=\"1772\">\n<li data-start=\"1740\" data-end=\"1750\">\n<p data-start=\"1742\" data-end=\"1750\">Washed<\/p>\n<\/li>\n<li data-start=\"1751\" data-end=\"1760\">\n<p data-start=\"1753\" data-end=\"1760\">Honey<\/p>\n<\/li>\n<li data-start=\"1761\" data-end=\"1772\">\n<p data-start=\"1763\" data-end=\"1772\">Natural<\/p>\n<\/li>\n<\/ul>\n<p data-start=\"1774\" data-end=\"1847\"><strong data-start=\"1774\" data-end=\"1845\">Variedades disponibles (seleccione individualmente o cree su propia mezcla):<\/strong><\/p>\n<ul data-start=\"1848\" data-end=\"1878\">\n<li data-start=\"1848\" data-end=\"1857\"><strong>VARIETY: OBATA<\/strong>Caf\u00e9 de Especialidad \u2013 100% Ar\u00e1bica, Single Origin<br \/>\n<strong>Origen:<\/strong> Susan\u2019s Farm, S.A. \u2013 Gat\u00fa, Veraguas, Panama<br \/>\n<strong>Cupping Score:<\/strong> 85<\/li>\n<li data-start=\"1858\" data-end=\"1867\"><strong>VARIETY: IAPAR<\/strong>Caf\u00e9 de Especialidad \u2013 100% Ar\u00e1bica, Single Origin<br \/>\n<strong>Origen:<\/strong> Susan\u2019s Farm, S.A. \u2013 Gat\u00fa, Veraguas, Panama<br \/>\n<strong>Cupping Score:<\/strong> 85<\/li>\n<li data-start=\"1868\" data-end=\"1878\"><strong>VARIETY: CATUAI<\/strong>Caf\u00e9 de Especialidad \u2013 100% Ar\u00e1bica, Single Origin<br \/>\n<strong>Origen:<\/strong> Susan\u2019s Farm, S.A. \u2013 Gat\u00fa, Veraguas, Panama<br \/>\n<strong>Cupping Score:<\/strong> 85<\/li>\n<li data-start=\"1868\" data-end=\"1878\"><strong>VARIETY: GEISHA<\/strong>Caf\u00e9 de Especialidad \u2013 100% Ar\u00e1bica, Single Origin\n<p><strong>Origen:<\/strong> Susan\u2019s Farm, S.A. \u2013 Paso Ancho, Chiriqu\u00ed, Panama<br \/>\n<strong>Cupping Score:<\/strong> 95<\/p>\n<p><span style=\"font-size: 16px;\">Con estas opciones, puedes dise\u00f1ar tu propio perfil de caf\u00e9 adaptado a las preferencias de tus clientes y resaltar los sabores \u00fanicos de cada tueste.<\/span><\/li>\n<\/ul>","protected":false},"excerpt":{"rendered":"<h3 data-start=\"1325\" data-end=\"1365\"><strong data-start=\"1332\" data-end=\"1363\">Caf\u00e9 Pilado \u2013 Para tostadores<\/strong><\/h3>\n<p data-start=\"1367\" data-end=\"1614\">Especialmente seleccionado para <strong data-start=\"1389\" data-end=\"1446\">tostadores profesionales y empresas especializadas en caf\u00e9<\/strong>, nuestro caf\u00e9 verde est\u00e1 disponible en cantidades al por mayor a partir de <strong data-start=\"1514\" data-end=\"1525\">100 lbs<\/strong>. Esto le permite personalizar su perfil de tueste con granos de caf\u00e9 de calidad excepcional.<\/p>","protected":false},"featured_media":1940,"comment_status":"open","ping_status":"closed","template":"","meta":{"_uag_custom_page_level_css":"","site-sidebar-layout":"default","site-content-layout":"","ast-site-content-layout":"default","site-content-style":"default","site-sidebar-style":"default","ast-global-header-display":"","ast-banner-title-visibility":"","ast-main-header-display":"","ast-hfb-above-header-display":"","ast-hfb-below-header-display":"","ast-hfb-mobile-header-display":"","site-post-title":"","ast-breadcrumbs-content":"","ast-featured-img":"","footer-sml-layout":"","theme-transparent-header-meta":"default","adv-header-id-meta":"","stick-header-meta":"","header-above-stick-meta":"","header-main-stick-meta":"","header-below-stick-meta":"","astra-migrate-meta-layouts":"set","ast-page-background-enabled":"default","ast-page-background-meta":{"desktop":{"background-color":"var(--ast-global-color-4)","background-image":"","background-repeat":"repeat","background-position":"center center","background-size":"auto","background-attachment":"scroll","background-type":"","background-media":"","overlay-type":"","overlay-color":"","overlay-opacity":"","overlay-gradient":""},"tablet":{"background-color":"","background-image":"","background-repeat":"repeat","background-position":"center center","background-size":"auto","background-attachment":"scroll","background-type":"","background-media":"","overlay-type":"","overlay-color":"","overlay-opacity":"","overlay-gradient":""},"mobile":{"background-color":"","background-image":"","background-repeat":"repeat","background-position":"center center","background-size":"auto","background-attachment":"scroll","background-type":"","background-media":"","overlay-type":"","overlay-color":"","overlay-opacity":"","overlay-gradient":""}},"ast-content-background-meta":{"desktop":{"background-color":"var(--ast-global-color-5)","background-image":"","background-repeat":"repeat","background-position":"center center","background-size":"auto","background-attachment":"scroll","background-type":"","background-media":"","overlay-type":"","overlay-color":"","overlay-opacity":"","overlay-gradient":""},"tablet":{"background-color":"var(--ast-global-color-5)","background-image":"","background-repeat":"repeat","background-position":"center center","background-size":"auto","background-attachment":"scroll","background-type":"","background-media":"","overlay-type":"","overlay-color":"","overlay-opacity":"","overlay-gradient":""},"mobile":{"background-color":"var(--ast-global-color-5)","background-image":"","background-repeat":"repeat","background-position":"center center","background-size":"auto","background-attachment":"scroll","background-type":"","background-media":"","overlay-type":"","overlay-color":"","overlay-opacity":"","overlay-gradient":""}}},"product_brand":[],"product_cat":[23],"product_tag":[],"class_list":{"0":"post-1869","1":"product","2":"type-product","3":"status-publish","4":"has-post-thumbnail","6":"product_cat-green-coffee","7":"desktop-align-left","8":"tablet-align-left","9":"mobile-align-left","11":"first","12":"instock","13":"shipping-taxable","14":"purchasable","15":"product-type-variable","16":"has-default-attributes"},"aioseo_notices":[],"uagb_featured_image_src":{"full":["https:\/\/susans-farm.com\/wp-content\/uploads\/2025\/09\/cafe-verde.png",1080,1080,false],"thumbnail":["https:\/\/susans-farm.com\/wp-content\/uploads\/2025\/09\/cafe-verde-150x150.png",150,150,true],"medium":["https:\/\/susans-farm.com\/wp-content\/uploads\/2025\/09\/cafe-verde-300x300.png",300,300,true],"medium_large":["https:\/\/susans-farm.com\/wp-content\/uploads\/2025\/09\/cafe-verde-768x768.png",768,768,true],"large":["https:\/\/susans-farm.com\/wp-content\/uploads\/2025\/09\/cafe-verde-1024x1024.png",1024,1024,true],"1536x1536":["https:\/\/susans-farm.com\/wp-content\/uploads\/2025\/09\/cafe-verde.png",1080,1080,false],"2048x2048":["https:\/\/susans-farm.com\/wp-content\/uploads\/2025\/09\/cafe-verde.png",1080,1080,false],"trp-custom-language-flag":["https:\/\/susans-farm.com\/wp-content\/uploads\/2025\/09\/cafe-verde.png",12,12,false],"tenweb_optimizer_mobile":["https:\/\/susans-farm.com\/wp-content\/uploads\/2025\/09\/cafe-verde.png",600,600,false],"tenweb_optimizer_tablet":["https:\/\/susans-farm.com\/wp-content\/uploads\/2025\/09\/cafe-verde.png",768,768,false],"woocommerce_thumbnail":["https:\/\/susans-farm.com\/wp-content\/uploads\/2025\/09\/cafe-verde-300x300.png",300,300,true],"woocommerce_single":["https:\/\/susans-farm.com\/wp-content\/uploads\/2025\/09\/cafe-verde-600x600.png",600,600,true],"woocommerce_gallery_thumbnail":["https:\/\/susans-farm.com\/wp-content\/uploads\/2025\/09\/cafe-verde-100x100.png",100,100,true]},"uagb_author_info":{"display_name":"Vanessa Suarez","author_link":"https:\/\/susans-farm.com\/es\/author\/"},"uagb_comment_info":0,"uagb_excerpt":"Green Coffee \u2013 For Roasters Specially curated for professional roasters and specialty coffee businesses, our green coffee is available in wholesale quantities starting at 100 lbs. This allows you to customize your roasting profile with coffee beans of exceptional quality.","_links":{"self":[{"href":"https:\/\/susans-farm.com\/es\/wp-json\/wp\/v2\/product\/1869","targetHints":{"allow":["GET"]}}],"collection":[{"href":"https:\/\/susans-farm.com\/es\/wp-json\/wp\/v2\/product"}],"about":[{"href":"https:\/\/susans-farm.com\/es\/wp-json\/wp\/v2\/types\/product"}],"replies":[{"embeddable":true,"href":"https:\/\/susans-farm.com\/es\/wp-json\/wp\/v2\/comments?post=1869"}],"wp:featuredmedia":[{"embeddable":true,"href":"https:\/\/susans-farm.com\/es\/wp-json\/wp\/v2\/media\/1940"}],"wp:attachment":[{"href":"https:\/\/susans-farm.com\/es\/wp-json\/wp\/v2\/media?parent=1869"}],"wp:term":[{"taxonomy":"product_brand","embeddable":true,"href":"https:\/\/susans-farm.com\/es\/wp-json\/wp\/v2\/product_brand?post=1869"},{"taxonomy":"product_cat","embeddable":true,"href":"https:\/\/susans-farm.com\/es\/wp-json\/wp\/v2\/product_cat?post=1869"},{"taxonomy":"product_tag","embeddable":true,"href":"https:\/\/susans-farm.com\/es\/wp-json\/wp\/v2\/product_tag?post=1869"}],"curies":[{"name":"wp","href":"https:\/\/api.w.org\/{rel}","templated":true}]}}