{"id":1882,"date":"2025-09-04T23:02:15","date_gmt":"2025-09-04T23:02:15","guid":{"rendered":"https:\/\/susans-farm.com\/?post_type=product&#038;p=1882"},"modified":"2026-01-29T15:35:24","modified_gmt":"2026-01-29T15:35:24","slug":"roast-medium-beans","status":"publish","type":"product","link":"https:\/\/susans-farm.com\/es\/producto\/roast-medium-beans\/","title":{"rendered":"CAF\u00c9 TOSTADO PARA USO COMERCIAL"},"content":{"rendered":"<h1>Nuestro Blend<\/h1>\n<p>Caf\u00e9 de Especialidad \u2013 100% Ar\u00e1bica, Single Origin<br \/>\n<strong>Blend actual:<\/strong> 75% Catuai, 15% Obata 10% Iapar<\/p>\n<p><strong>Notas de cata:<\/strong><br \/>\nDulce de leche, caramelo, crema pastelera y vainilla.<br \/>\nDelicadas notas c\u00edtricas y cacao, complejas y balanceadas, con un resabio prolongado.<\/p>\n<p><strong>Origen:<\/strong> Susan\u2019s Farm, S.A. \u2013 Gat\u00fa, Veraguas, Panama<br \/>\n<strong>Cupping Score:<\/strong> 85<\/p>\n<h1>Geisha<\/h1>\n<p>Caf\u00e9 de Especialidad \u2013 100% Ar\u00e1bica, Single Origin<br \/>\n<strong>Variedad:<\/strong> Geisha<\/p>\n<p><strong>Notas de cata:<\/strong><br \/>\nC\u00edtricos, t\u00e9 blanco, ar\u00e1ndano, hierba de lim\u00f3n y durazno.<br \/>\nDelicadas notas c\u00edtricas con arom\u00e1ticos de jazm\u00edn y pomarrosa.<\/p>\n<p><strong>Origen:<\/strong> Susan\u2019s Farm, S.A. \u2013 Paso Ancho, Chiriqu\u00ed, Panama<br \/>\n<strong>Cupping Score:<\/strong> 95<\/p>","protected":false},"excerpt":{"rendered":"<h3 data-start=\"98\" data-end=\"146\"><strong data-start=\"105\" data-end=\"144\">Caf\u00e9 de 5lbs<\/strong><\/h3>\n<p data-start=\"148\" data-end=\"352\">Disfruta del aut\u00e9ntico sabor de nuestro caf\u00e9 premium en una <strong data-start=\"202\" data-end=\"215\">bolsa de 5 lbs<\/strong>, dise\u00f1ada especialmente para <strong data-start=\"240\" data-end=\"290\">cafeter\u00edas, restaurantes, hoteles y oficinas<\/strong> que exigen una calidad y frescura constantes en cada taza.<\/p>\n<p data-start=\"354\" data-end=\"501\">Cada bolsa se envasa cuidadosamente para preservar el aroma y el sabor caracter\u00edstico de nuestro caf\u00e9, garantizando una experiencia \u00fanica para sus clientes o empleados.<\/p>\n<p data-start=\"503\" data-end=\"644\">\u2705 Presentaci\u00f3n al por mayor para compradores a granel<br data-start=\"543\" data-end=\"546\" \/>\u2705 Perfecto para negocios con una gran demanda de caf\u00e9.<br data-start=\"594\" data-end=\"597\" \/>\u2705 Caf\u00e9 fresco, equilibrado y de primera calidad.<\/p>","protected":false},"featured_media":1922,"comment_status":"open","ping_status":"closed","template":"","meta":{"_uag_custom_page_level_css":"","site-sidebar-layout":"default","site-content-layout":"","ast-site-content-layout":"default","site-content-style":"default","site-sidebar-style":"default","ast-global-header-display":"","ast-banner-title-visibility":"","ast-main-header-display":"","ast-hfb-above-header-display":"","ast-hfb-below-header-display":"","ast-hfb-mobile-header-display":"","site-post-title":"","ast-breadcrumbs-content":"","ast-featured-img":"","footer-sml-layout":"","theme-transparent-header-meta":"default","adv-header-id-meta":"","stick-header-meta":"","header-above-stick-meta":"","header-main-stick-meta":"","header-below-stick-meta":"","astra-migrate-meta-layouts":"set","ast-page-background-enabled":"default","ast-page-background-meta":{"desktop":{"background-color":"var(--ast-global-color-4)","background-image":"","background-repeat":"repeat","background-position":"center center","background-size":"auto","background-attachment":"scroll","background-type":"","background-media":"","overlay-type":"","overlay-color":"","overlay-opacity":"","overlay-gradient":""},"tablet":{"background-color":"","background-image":"","background-repeat":"repeat","background-position":"center center","background-size":"auto","background-attachment":"scroll","background-type":"","background-media":"","overlay-type":"","overlay-color":"","overlay-opacity":"","overlay-gradient":""},"mobile":{"background-color":"","background-image":"","background-repeat":"repeat","background-position":"center center","background-size":"auto","background-attachment":"scroll","background-type":"","background-media":"","overlay-type":"","overlay-color":"","overlay-opacity":"","overlay-gradient":""}},"ast-content-background-meta":{"desktop":{"background-color":"var(--ast-global-color-5)","background-image":"","background-repeat":"repeat","background-position":"center center","background-size":"auto","background-attachment":"scroll","background-type":"","background-media":"","overlay-type":"","overlay-color":"","overlay-opacity":"","overlay-gradient":""},"tablet":{"background-color":"var(--ast-global-color-5)","background-image":"","background-repeat":"repeat","background-position":"center center","background-size":"auto","background-attachment":"scroll","background-type":"","background-media":"","overlay-type":"","overlay-color":"","overlay-opacity":"","overlay-gradient":""},"mobile":{"background-color":"var(--ast-global-color-5)","background-image":"","background-repeat":"repeat","background-position":"center center","background-size":"auto","background-attachment":"scroll","background-type":"","background-media":"","overlay-type":"","overlay-color":"","overlay-opacity":"","overlay-gradient":""}}},"product_brand":[],"product_cat":[22],"product_tag":[],"class_list":{"0":"post-1882","1":"product","2":"type-product","3":"status-publish","4":"has-post-thumbnail","6":"product_cat-roasted-coffee","7":"desktop-align-left","8":"tablet-align-left","9":"mobile-align-left","11":"first","12":"instock","13":"shipping-taxable","14":"purchasable","15":"product-type-variable","16":"has-default-attributes"},"aioseo_notices":[],"uagb_featured_image_src":{"full":["https:\/\/susans-farm.com\/wp-content\/uploads\/2025\/09\/cafe-5lbs.png",1080,1080,false],"thumbnail":["https:\/\/susans-farm.com\/wp-content\/uploads\/2025\/09\/cafe-5lbs-150x150.png",150,150,true],"medium":["https:\/\/susans-farm.com\/wp-content\/uploads\/2025\/09\/cafe-5lbs-300x300.png",300,300,true],"medium_large":["https:\/\/susans-farm.com\/wp-content\/uploads\/2025\/09\/cafe-5lbs-768x768.png",768,768,true],"large":["https:\/\/susans-farm.com\/wp-content\/uploads\/2025\/09\/cafe-5lbs-1024x1024.png",1024,1024,true],"1536x1536":["https:\/\/susans-farm.com\/wp-content\/uploads\/2025\/09\/cafe-5lbs.png",1080,1080,false],"2048x2048":["https:\/\/susans-farm.com\/wp-content\/uploads\/2025\/09\/cafe-5lbs.png",1080,1080,false],"trp-custom-language-flag":["https:\/\/susans-farm.com\/wp-content\/uploads\/2025\/09\/cafe-5lbs.png",12,12,false],"tenweb_optimizer_mobile":["https:\/\/susans-farm.com\/wp-content\/uploads\/2025\/09\/cafe-5lbs.png",600,600,false],"tenweb_optimizer_tablet":["https:\/\/susans-farm.com\/wp-content\/uploads\/2025\/09\/cafe-5lbs.png",768,768,false],"woocommerce_thumbnail":["https:\/\/susans-farm.com\/wp-content\/uploads\/2025\/09\/cafe-5lbs-300x300.png",300,300,true],"woocommerce_single":["https:\/\/susans-farm.com\/wp-content\/uploads\/2025\/09\/cafe-5lbs-600x600.png",600,600,true],"woocommerce_gallery_thumbnail":["https:\/\/susans-farm.com\/wp-content\/uploads\/2025\/09\/cafe-5lbs-100x100.png",100,100,true]},"uagb_author_info":{"display_name":"Vanessa Suarez","author_link":"https:\/\/susans-farm.com\/es\/author\/"},"uagb_comment_info":0,"uagb_excerpt":"5 lbs Coffee Bag Enjoy the authentic flavor of our premium coffee in a 5 lbs bag, specially designed for coffee shops, restaurants, hotels, and offices that require consistent quality and freshness in every cup. Each bag is carefully packed to preserve the aroma and distinctive taste of our coffee, ensuring a unique experience for&hellip;","_links":{"self":[{"href":"https:\/\/susans-farm.com\/es\/wp-json\/wp\/v2\/product\/1882","targetHints":{"allow":["GET"]}}],"collection":[{"href":"https:\/\/susans-farm.com\/es\/wp-json\/wp\/v2\/product"}],"about":[{"href":"https:\/\/susans-farm.com\/es\/wp-json\/wp\/v2\/types\/product"}],"replies":[{"embeddable":true,"href":"https:\/\/susans-farm.com\/es\/wp-json\/wp\/v2\/comments?post=1882"}],"wp:featuredmedia":[{"embeddable":true,"href":"https:\/\/susans-farm.com\/es\/wp-json\/wp\/v2\/media\/1922"}],"wp:attachment":[{"href":"https:\/\/susans-farm.com\/es\/wp-json\/wp\/v2\/media?parent=1882"}],"wp:term":[{"taxonomy":"product_brand","embeddable":true,"href":"https:\/\/susans-farm.com\/es\/wp-json\/wp\/v2\/product_brand?post=1882"},{"taxonomy":"product_cat","embeddable":true,"href":"https:\/\/susans-farm.com\/es\/wp-json\/wp\/v2\/product_cat?post=1882"},{"taxonomy":"product_tag","embeddable":true,"href":"https:\/\/susans-farm.com\/es\/wp-json\/wp\/v2\/product_tag?post=1882"}],"curies":[{"name":"wp","href":"https:\/\/api.w.org\/{rel}","templated":true}]}}